{"id":180820,"date":"2025-04-03T12:22:33","date_gmt":"2025-04-03T10:22:33","guid":{"rendered":"https:\/\/mb.moldbrothers.com\/?post_type=product&#038;p=180820"},"modified":"2025-10-13T10:06:53","modified_gmt":"2025-10-13T08:06:53","slug":"see-you-soon-mold","status":"publish","type":"product","link":"https:\/\/mb.moldbrothers.com\/fr\/produit\/see-you-soon-mold\/","title":{"rendered":"Bonvoy See You Soon Mold"},"content":{"rendered":"","protected":false},"excerpt":{"rendered":"<p>Un moule en silicone de haute qualit\u00e9, sp\u00e9cialement con\u00e7u pour Marriott Bonvoy - parfait pour remercier vos invit\u00e9s et leur faire savoir que Marriott Bonvoy se r\u00e9jouit de les accueillir \u00e0 nouveau. Fabriqu\u00e9 en silicone alimentaire 100%.<\/p>\n<p>Il peut r\u00e9sister \u00e0 des temp\u00e9ratures allant de -40\u00b0C \u00e0 +200\u00b0C, ce qui permet de l'utiliser aussi bien dans les cong\u00e9lateurs (chocs) que dans les fours.<\/p>","protected":false},"featured_media":180832,"template":"","meta":{"_seopress_robots_primary_cat":"none","_seopress_titles_title":"","_seopress_titles_desc":"","_seopress_robots_index":""},"product_brand":[],"product_cat":[910,184],"product_tag":[],"class_list":{"0":"post-180820","1":"product","2":"type-product","3":"status-publish","4":"has-post-thumbnail","6":"product_cat-marriott-specials","7":"product_cat-highlighted-products","9":"first","10":"instock","11":"taxable","12":"shipping-taxable","13":"purchasable","14":"product-type-simple"},"_links":{"self":[{"href":"https:\/\/mb.moldbrothers.com\/fr\/wp-json\/wp\/v2\/product\/180820"}],"collection":[{"href":"https:\/\/mb.moldbrothers.com\/fr\/wp-json\/wp\/v2\/product"}],"about":[{"href":"https:\/\/mb.moldbrothers.com\/fr\/wp-json\/wp\/v2\/types\/product"}],"wp:featuredmedia":[{"embeddable":true,"href":"https:\/\/mb.moldbrothers.com\/fr\/wp-json\/wp\/v2\/media\/180832"}],"wp:attachment":[{"href":"https:\/\/mb.moldbrothers.com\/fr\/wp-json\/wp\/v2\/media?parent=180820"}],"wp:term":[{"taxonomy":"product_brand","embeddable":true,"href":"https:\/\/mb.moldbrothers.com\/fr\/wp-json\/wp\/v2\/product_brand?post=180820"},{"taxonomy":"product_cat","embeddable":true,"href":"https:\/\/mb.moldbrothers.com\/fr\/wp-json\/wp\/v2\/product_cat?post=180820"},{"taxonomy":"product_tag","embeddable":true,"href":"https:\/\/mb.moldbrothers.com\/fr\/wp-json\/wp\/v2\/product_tag?post=180820"}],"curies":[{"name":"wp","href":"https:\/\/api.w.org\/{rel}","templated":true}]}}