{"id":180918,"date":"2025-11-26T05:50:00","date_gmt":"2025-11-26T04:50:00","guid":{"rendered":"https:\/\/mb.moldbrothers.com\/?post_type=product&#038;p=180918"},"modified":"2025-12-05T08:23:51","modified_gmt":"2025-12-05T07:23:51","slug":"butter-mold-the-ritz-carlton","status":"publish","type":"product","link":"https:\/\/mb.moldbrothers.com\/fr\/produit\/butter-mold-the-ritz-carlton\/","title":{"rendered":"Beurre Mold - The Ritz-Carlton"},"content":{"rendered":"","protected":false},"excerpt":{"rendered":"<p>Chaque d\u00e9tail en dit long avant que l'invit\u00e9 ne prenne sa premi\u00e8re bouch\u00e9e. Notre moule \u00e0 beurre personnalis\u00e9 transforme un simple aliment de table en un moment unique. Con\u00e7u pour refl\u00e9ter le logo embl\u00e9matique du Ritz, le beurre moul\u00e9 arrive \u00e0 la table \u00e0 la fois comme une offrande et comme un sujet de conversation. \u00c9l\u00e9gant, subtil et profond\u00e9ment m\u00e9morable. La fa\u00e7on id\u00e9ale de commencer un repas raffin\u00e9.<\/p>","protected":false},"featured_media":180941,"template":"","meta":{"_seopress_robots_primary_cat":"none","_seopress_titles_title":"","_seopress_titles_desc":"","_seopress_robots_index":""},"product_brand":[],"product_cat":[910],"product_tag":[],"class_list":{"0":"post-180918","1":"product","2":"type-product","3":"status-publish","4":"has-post-thumbnail","6":"product_cat-marriott-specials","8":"first","9":"instock","10":"taxable","11":"shipping-taxable","12":"purchasable","13":"product-type-simple"},"_links":{"self":[{"href":"https:\/\/mb.moldbrothers.com\/fr\/wp-json\/wp\/v2\/product\/180918"}],"collection":[{"href":"https:\/\/mb.moldbrothers.com\/fr\/wp-json\/wp\/v2\/product"}],"about":[{"href":"https:\/\/mb.moldbrothers.com\/fr\/wp-json\/wp\/v2\/types\/product"}],"wp:featuredmedia":[{"embeddable":true,"href":"https:\/\/mb.moldbrothers.com\/fr\/wp-json\/wp\/v2\/media\/180941"}],"wp:attachment":[{"href":"https:\/\/mb.moldbrothers.com\/fr\/wp-json\/wp\/v2\/media?parent=180918"}],"wp:term":[{"taxonomy":"product_brand","embeddable":true,"href":"https:\/\/mb.moldbrothers.com\/fr\/wp-json\/wp\/v2\/product_brand?post=180918"},{"taxonomy":"product_cat","embeddable":true,"href":"https:\/\/mb.moldbrothers.com\/fr\/wp-json\/wp\/v2\/product_cat?post=180918"},{"taxonomy":"product_tag","embeddable":true,"href":"https:\/\/mb.moldbrothers.com\/fr\/wp-json\/wp\/v2\/product_tag?post=180918"}],"curies":[{"name":"wp","href":"https:\/\/api.w.org\/{rel}","templated":true}]}}