{"id":180926,"date":"2025-11-26T08:27:29","date_gmt":"2025-11-26T07:27:29","guid":{"rendered":"https:\/\/mb.moldbrothers.com\/?post_type=product&#038;p=180926"},"modified":"2025-12-03T14:59:03","modified_gmt":"2025-12-03T13:59:03","slug":"mosaic-chocolate-bar-mold-the-ritz-carlton","status":"publish","type":"product","link":"https:\/\/mb.moldbrothers.com\/fr\/produit\/mosaic-chocolate-bar-mold-the-ritz-carlton\/","title":{"rendered":"Bar \u00e0 chocolat Mosaic Mold - The Ritz-Carlton"},"content":{"rendered":"","protected":false},"excerpt":{"rendered":"<p>Le design transforme une simple barre de chocolat en une d\u00e9claration artistique : des lignes \u00e9pur\u00e9es, des surfaces polies et une grille uniforme qui refl\u00e8te l'\u00e9quilibre intemporel de la forme et de la fonction. Plus qu'une confiserie, il s'agit d'une expression sculpt\u00e9e du luxe, con\u00e7ue pour incarner l'engagement de la marque en faveur du d\u00e9tail et de la distinction.<\/p>","protected":false},"featured_media":180949,"template":"","meta":{"_seopress_robots_primary_cat":"none","_seopress_titles_title":"","_seopress_titles_desc":"","_seopress_robots_index":""},"product_brand":[],"product_cat":[910],"product_tag":[],"class_list":{"0":"post-180926","1":"product","2":"type-product","3":"status-publish","4":"has-post-thumbnail","6":"product_cat-marriott-specials","8":"first","9":"instock","10":"taxable","11":"shipping-taxable","12":"purchasable","13":"product-type-simple"},"_links":{"self":[{"href":"https:\/\/mb.moldbrothers.com\/fr\/wp-json\/wp\/v2\/product\/180926"}],"collection":[{"href":"https:\/\/mb.moldbrothers.com\/fr\/wp-json\/wp\/v2\/product"}],"about":[{"href":"https:\/\/mb.moldbrothers.com\/fr\/wp-json\/wp\/v2\/types\/product"}],"wp:featuredmedia":[{"embeddable":true,"href":"https:\/\/mb.moldbrothers.com\/fr\/wp-json\/wp\/v2\/media\/180949"}],"wp:attachment":[{"href":"https:\/\/mb.moldbrothers.com\/fr\/wp-json\/wp\/v2\/media?parent=180926"}],"wp:term":[{"taxonomy":"product_brand","embeddable":true,"href":"https:\/\/mb.moldbrothers.com\/fr\/wp-json\/wp\/v2\/product_brand?post=180926"},{"taxonomy":"product_cat","embeddable":true,"href":"https:\/\/mb.moldbrothers.com\/fr\/wp-json\/wp\/v2\/product_cat?post=180926"},{"taxonomy":"product_tag","embeddable":true,"href":"https:\/\/mb.moldbrothers.com\/fr\/wp-json\/wp\/v2\/product_tag?post=180926"}],"curies":[{"name":"wp","href":"https:\/\/api.w.org\/{rel}","templated":true}]}}