{"id":180932,"date":"2025-11-26T07:54:15","date_gmt":"2025-11-26T06:54:15","guid":{"rendered":"https:\/\/mb.moldbrothers.com\/?post_type=product&#038;p=180932"},"modified":"2025-12-03T15:12:10","modified_gmt":"2025-12-03T14:12:10","slug":"chocolate-stamp-the-ritz-carlton","status":"publish","type":"product","link":"https:\/\/mb.moldbrothers.com\/fr\/produit\/chocolate-stamp-the-ritz-carlton\/","title":{"rendered":"Tampon au chocolat - The Ritz-Carlton"},"content":{"rendered":"","protected":false},"excerpt":{"rendered":"<p>Le chocolat a un attrait universel, mais lorsqu'il porte le sceau du Ritz Carlton, il raconte une histoire d'artisanat et de conservation. Notre tampon \u00e0 chocolat personnalis\u00e9 transforme les pralines faites maison, les garnitures de dessert et les cadeaux \u00e0 emporter en expressions tactiles de luxe. Chaque pi\u00e8ce est un message en soi : vous \u00eates dans un endroit exceptionnel.<\/p>","protected":false},"featured_media":181043,"template":"","meta":{"_seopress_robots_primary_cat":"none","_seopress_titles_title":"","_seopress_titles_desc":"","_seopress_robots_index":""},"product_brand":[],"product_cat":[910],"product_tag":[],"class_list":{"0":"post-180932","1":"product","2":"type-product","3":"status-publish","4":"has-post-thumbnail","6":"product_cat-marriott-specials","8":"first","9":"instock","10":"taxable","11":"shipping-taxable","12":"purchasable","13":"product-type-simple"},"_links":{"self":[{"href":"https:\/\/mb.moldbrothers.com\/fr\/wp-json\/wp\/v2\/product\/180932"}],"collection":[{"href":"https:\/\/mb.moldbrothers.com\/fr\/wp-json\/wp\/v2\/product"}],"about":[{"href":"https:\/\/mb.moldbrothers.com\/fr\/wp-json\/wp\/v2\/types\/product"}],"wp:featuredmedia":[{"embeddable":true,"href":"https:\/\/mb.moldbrothers.com\/fr\/wp-json\/wp\/v2\/media\/181043"}],"wp:attachment":[{"href":"https:\/\/mb.moldbrothers.com\/fr\/wp-json\/wp\/v2\/media?parent=180932"}],"wp:term":[{"taxonomy":"product_brand","embeddable":true,"href":"https:\/\/mb.moldbrothers.com\/fr\/wp-json\/wp\/v2\/product_brand?post=180932"},{"taxonomy":"product_cat","embeddable":true,"href":"https:\/\/mb.moldbrothers.com\/fr\/wp-json\/wp\/v2\/product_cat?post=180932"},{"taxonomy":"product_tag","embeddable":true,"href":"https:\/\/mb.moldbrothers.com\/fr\/wp-json\/wp\/v2\/product_tag?post=180932"}],"curies":[{"name":"wp","href":"https:\/\/api.w.org\/{rel}","templated":true}]}}