{"id":180934,"date":"2025-11-26T06:34:58","date_gmt":"2025-11-26T05:34:58","guid":{"rendered":"https:\/\/mb.moldbrothers.com\/?post_type=product&#038;p=180934"},"modified":"2025-12-22T11:10:56","modified_gmt":"2025-12-22T10:10:56","slug":"timeless-crest-singular-mold-st-regis","status":"publish","type":"product","link":"https:\/\/mb.moldbrothers.com\/fr\/produit\/timeless-crest-singular-mold-st-regis\/","title":{"rendered":"Timeless Crest Singular Mold - St. Regis"},"content":{"rendered":"","protected":false},"excerpt":{"rendered":"<p>Un g\u00e2teau cylindrique r\u00e9alis\u00e9 de main de ma\u00eetre, entour\u00e9 d'un motif complexe et couronn\u00e9 du monogramme embl\u00e9matique de St. Regis. C'est une v\u00e9ritable expression de sophistication intemporelle et d'\u00e9l\u00e9gance artisanale.<\/p>","protected":false},"featured_media":180991,"template":"","meta":{"_seopress_robots_primary_cat":"none","_seopress_titles_title":"","_seopress_titles_desc":"","_seopress_robots_index":""},"product_brand":[],"product_cat":[910],"product_tag":[],"class_list":{"0":"post-180934","1":"product","2":"type-product","3":"status-publish","4":"has-post-thumbnail","6":"product_cat-marriott-specials","8":"first","9":"instock","10":"taxable","11":"shipping-taxable","12":"purchasable","13":"product-type-simple"},"_links":{"self":[{"href":"https:\/\/mb.moldbrothers.com\/fr\/wp-json\/wp\/v2\/product\/180934"}],"collection":[{"href":"https:\/\/mb.moldbrothers.com\/fr\/wp-json\/wp\/v2\/product"}],"about":[{"href":"https:\/\/mb.moldbrothers.com\/fr\/wp-json\/wp\/v2\/types\/product"}],"wp:featuredmedia":[{"embeddable":true,"href":"https:\/\/mb.moldbrothers.com\/fr\/wp-json\/wp\/v2\/media\/180991"}],"wp:attachment":[{"href":"https:\/\/mb.moldbrothers.com\/fr\/wp-json\/wp\/v2\/media?parent=180934"}],"wp:term":[{"taxonomy":"product_brand","embeddable":true,"href":"https:\/\/mb.moldbrothers.com\/fr\/wp-json\/wp\/v2\/product_brand?post=180934"},{"taxonomy":"product_cat","embeddable":true,"href":"https:\/\/mb.moldbrothers.com\/fr\/wp-json\/wp\/v2\/product_cat?post=180934"},{"taxonomy":"product_tag","embeddable":true,"href":"https:\/\/mb.moldbrothers.com\/fr\/wp-json\/wp\/v2\/product_tag?post=180934"}],"curies":[{"name":"wp","href":"https:\/\/api.w.org\/{rel}","templated":true}]}}