{"id":180935,"date":"2025-11-26T08:01:16","date_gmt":"2025-11-26T07:01:16","guid":{"rendered":"https:\/\/mb.moldbrothers.com\/?post_type=product&#038;p=180935"},"modified":"2025-12-03T15:01:18","modified_gmt":"2025-12-03T14:01:18","slug":"iconic-tribute-mold-st-regis","status":"publish","type":"product","link":"https:\/\/mb.moldbrothers.com\/fr\/produit\/iconic-tribute-mold-st-regis\/","title":{"rendered":"Hommage iconique Mold - St. Regis"},"content":{"rendered":"","protected":false},"excerpt":{"rendered":"<p>Inspir\u00e9e par le l\u00e9gendaire Bloody Mary, le cocktail signature du St. Regis depuis 1934, cette p\u00e2tisserie r\u00e9imagine son caract\u00e8re audacieux avec une \u00e9l\u00e9gance raffin\u00e9e. C'est \u00e0 la fois une c\u00e9l\u00e9bration de ce cocktail historique et une expression de la haute p\u00e2tisserie.<\/p>","protected":false},"featured_media":180992,"template":"","meta":{"_seopress_robots_primary_cat":"none","_seopress_titles_title":"","_seopress_titles_desc":"","_seopress_robots_index":""},"product_brand":[],"product_cat":[910],"product_tag":[],"class_list":{"0":"post-180935","1":"product","2":"type-product","3":"status-publish","4":"has-post-thumbnail","6":"product_cat-marriott-specials","8":"first","9":"instock","10":"taxable","11":"shipping-taxable","12":"purchasable","13":"product-type-simple"},"_links":{"self":[{"href":"https:\/\/mb.moldbrothers.com\/fr\/wp-json\/wp\/v2\/product\/180935"}],"collection":[{"href":"https:\/\/mb.moldbrothers.com\/fr\/wp-json\/wp\/v2\/product"}],"about":[{"href":"https:\/\/mb.moldbrothers.com\/fr\/wp-json\/wp\/v2\/types\/product"}],"wp:featuredmedia":[{"embeddable":true,"href":"https:\/\/mb.moldbrothers.com\/fr\/wp-json\/wp\/v2\/media\/180992"}],"wp:attachment":[{"href":"https:\/\/mb.moldbrothers.com\/fr\/wp-json\/wp\/v2\/media?parent=180935"}],"wp:term":[{"taxonomy":"product_brand","embeddable":true,"href":"https:\/\/mb.moldbrothers.com\/fr\/wp-json\/wp\/v2\/product_brand?post=180935"},{"taxonomy":"product_cat","embeddable":true,"href":"https:\/\/mb.moldbrothers.com\/fr\/wp-json\/wp\/v2\/product_cat?post=180935"},{"taxonomy":"product_tag","embeddable":true,"href":"https:\/\/mb.moldbrothers.com\/fr\/wp-json\/wp\/v2\/product_tag?post=180935"}],"curies":[{"name":"wp","href":"https:\/\/api.w.org\/{rel}","templated":true}]}}