{"id":180937,"date":"2025-11-26T08:01:24","date_gmt":"2025-11-26T07:01:24","guid":{"rendered":"https:\/\/mb.moldbrothers.com\/?post_type=product&#038;p=180937"},"modified":"2025-12-03T15:00:47","modified_gmt":"2025-12-03T14:00:47","slug":"celebration-cake-st-regis","status":"publish","type":"product","link":"https:\/\/mb.moldbrothers.com\/fr\/produit\/celebration-cake-st-regis\/","title":{"rendered":"G\u00e2teau de c\u00e9l\u00e9bration - St. Regis"},"content":{"rendered":"","protected":false},"excerpt":{"rendered":"<p>Regis, une cr\u00e9ation raffin\u00e9e qui allie l'\u00e9l\u00e9gance, l'art et la gourmandise. Sculpt\u00e9 avec pr\u00e9cision. Le logo est accompagn\u00e9 d'un message personnalis\u00e9 pour honorer l'occasion, qu'il s'agisse d'un anniversaire ou d'une \u00e9tape importante.<\/p>","protected":false},"featured_media":180994,"template":"","meta":{"_seopress_robots_primary_cat":"none","_seopress_titles_title":"","_seopress_titles_desc":"","_seopress_robots_index":""},"product_brand":[],"product_cat":[910],"product_tag":[],"class_list":{"0":"post-180937","1":"product","2":"type-product","3":"status-publish","4":"has-post-thumbnail","6":"product_cat-marriott-specials","8":"first","9":"instock","10":"taxable","11":"shipping-taxable","12":"purchasable","13":"product-type-simple"},"_links":{"self":[{"href":"https:\/\/mb.moldbrothers.com\/fr\/wp-json\/wp\/v2\/product\/180937"}],"collection":[{"href":"https:\/\/mb.moldbrothers.com\/fr\/wp-json\/wp\/v2\/product"}],"about":[{"href":"https:\/\/mb.moldbrothers.com\/fr\/wp-json\/wp\/v2\/types\/product"}],"wp:featuredmedia":[{"embeddable":true,"href":"https:\/\/mb.moldbrothers.com\/fr\/wp-json\/wp\/v2\/media\/180994"}],"wp:attachment":[{"href":"https:\/\/mb.moldbrothers.com\/fr\/wp-json\/wp\/v2\/media?parent=180937"}],"wp:term":[{"taxonomy":"product_brand","embeddable":true,"href":"https:\/\/mb.moldbrothers.com\/fr\/wp-json\/wp\/v2\/product_brand?post=180937"},{"taxonomy":"product_cat","embeddable":true,"href":"https:\/\/mb.moldbrothers.com\/fr\/wp-json\/wp\/v2\/product_cat?post=180937"},{"taxonomy":"product_tag","embeddable":true,"href":"https:\/\/mb.moldbrothers.com\/fr\/wp-json\/wp\/v2\/product_tag?post=180937"}],"curies":[{"name":"wp","href":"https:\/\/api.w.org\/{rel}","templated":true}]}}