{"id":180940,"date":"2025-11-26T06:34:00","date_gmt":"2025-11-26T05:34:00","guid":{"rendered":"https:\/\/mb.moldbrothers.com\/?post_type=product&#038;p=180940"},"modified":"2025-12-03T15:14:29","modified_gmt":"2025-12-03T14:14:29","slug":"world-cup-chocolate-inlay-mold-st-regis","status":"publish","type":"product","link":"https:\/\/mb.moldbrothers.com\/fr\/produit\/world-cup-chocolate-inlay-mold-st-regis\/","title":{"rendered":"Incrustation en chocolat de la Coupe du monde Mold - St. Regis"},"content":{"rendered":"","protected":false},"excerpt":{"rendered":"<p>Bien pr\u00e9par\u00e9e pour c\u00e9l\u00e9brer l'esprit de la Coupe du monde 2026, cette cr\u00e9ation saisissante allie un design moderne \u00e0 une \u00e9l\u00e9gance intemporelle. La forme sculpt\u00e9e du dessert \u00e9voque la forme de l'embl\u00e8me \"26\" de la comp\u00e9tition, avec une finition en vert vif qui symbolise la vitalit\u00e9, l'unit\u00e9 et l'\u00e9nergie du jeu.<\/p>","protected":false},"featured_media":180997,"template":"","meta":{"_seopress_robots_primary_cat":"none","_seopress_titles_title":"","_seopress_titles_desc":"","_seopress_robots_index":""},"product_brand":[],"product_cat":[910],"product_tag":[],"class_list":{"0":"post-180940","1":"product","2":"type-product","3":"status-publish","4":"has-post-thumbnail","6":"product_cat-marriott-specials","8":"first","9":"instock","10":"taxable","11":"shipping-taxable","12":"purchasable","13":"product-type-simple"},"_links":{"self":[{"href":"https:\/\/mb.moldbrothers.com\/fr\/wp-json\/wp\/v2\/product\/180940"}],"collection":[{"href":"https:\/\/mb.moldbrothers.com\/fr\/wp-json\/wp\/v2\/product"}],"about":[{"href":"https:\/\/mb.moldbrothers.com\/fr\/wp-json\/wp\/v2\/types\/product"}],"wp:featuredmedia":[{"embeddable":true,"href":"https:\/\/mb.moldbrothers.com\/fr\/wp-json\/wp\/v2\/media\/180997"}],"wp:attachment":[{"href":"https:\/\/mb.moldbrothers.com\/fr\/wp-json\/wp\/v2\/media?parent=180940"}],"wp:term":[{"taxonomy":"product_brand","embeddable":true,"href":"https:\/\/mb.moldbrothers.com\/fr\/wp-json\/wp\/v2\/product_brand?post=180940"},{"taxonomy":"product_cat","embeddable":true,"href":"https:\/\/mb.moldbrothers.com\/fr\/wp-json\/wp\/v2\/product_cat?post=180940"},{"taxonomy":"product_tag","embeddable":true,"href":"https:\/\/mb.moldbrothers.com\/fr\/wp-json\/wp\/v2\/product_tag?post=180940"}],"curies":[{"name":"wp","href":"https:\/\/api.w.org\/{rel}","templated":true}]}}