{"id":77498,"date":"2021-02-23T16:25:24","date_gmt":"2021-02-23T15:25:24","guid":{"rendered":"https:\/\/moldbrothers.nl\/?post_type=product&#038;p=77498"},"modified":"2025-12-08T09:07:49","modified_gmt":"2025-12-08T08:07:49","slug":"pochoir-de-cils","status":"publish","type":"product","link":"https:\/\/mb.moldbrothers.com\/fr\/produit\/pochoir-de-cils\/","title":{"rendered":"Pochoir Feuillage"},"content":{"rendered":"","protected":false},"excerpt":{"rendered":"<p>Ce pochoir feuillage est fabriqu\u00e9 en acrylique de 1 mm d&#039;\u00e9paisseur et est parfait pour finir votre plat. Le design g\u00e9om\u00e9trique \u00e9pur\u00e9 assure un look soign\u00e9.<\/p>\n<p>Le pochoir est\u00a0<strong>pas<\/strong>\u00a0lave-vaisselle. Nous recommandons de rincer le pochoir \u00e0 l&#039;eau ti\u00e8de (40\u00b0C) sans utiliser de d\u00e9tergent.<\/p>","protected":false},"featured_media":143441,"template":"","meta":{"_seopress_robots_primary_cat":"none","_seopress_titles_title":"","_seopress_titles_desc":"","_seopress_robots_index":""},"product_brand":[],"product_cat":[170,197],"product_tag":[],"class_list":{"0":"post-77498","1":"product","2":"type-product","3":"status-publish","4":"has-post-thumbnail","6":"product_cat-stencils","7":"product_cat-plate-stencils","9":"first","10":"instock","11":"taxable","12":"shipping-taxable","13":"purchasable","14":"product-type-simple"},"_links":{"self":[{"href":"https:\/\/mb.moldbrothers.com\/fr\/wp-json\/wp\/v2\/product\/77498"}],"collection":[{"href":"https:\/\/mb.moldbrothers.com\/fr\/wp-json\/wp\/v2\/product"}],"about":[{"href":"https:\/\/mb.moldbrothers.com\/fr\/wp-json\/wp\/v2\/types\/product"}],"wp:featuredmedia":[{"embeddable":true,"href":"https:\/\/mb.moldbrothers.com\/fr\/wp-json\/wp\/v2\/media\/143441"}],"wp:attachment":[{"href":"https:\/\/mb.moldbrothers.com\/fr\/wp-json\/wp\/v2\/media?parent=77498"}],"wp:term":[{"taxonomy":"product_brand","embeddable":true,"href":"https:\/\/mb.moldbrothers.com\/fr\/wp-json\/wp\/v2\/product_brand?post=77498"},{"taxonomy":"product_cat","embeddable":true,"href":"https:\/\/mb.moldbrothers.com\/fr\/wp-json\/wp\/v2\/product_cat?post=77498"},{"taxonomy":"product_tag","embeddable":true,"href":"https:\/\/mb.moldbrothers.com\/fr\/wp-json\/wp\/v2\/product_tag?post=77498"}],"curies":[{"name":"wp","href":"https:\/\/api.w.org\/{rel}","templated":true}]}}