{"id":126333,"date":"2022-04-19T14:05:20","date_gmt":"2022-04-19T12:05:20","guid":{"rendered":"https:\/\/moldbrothers.nl\/?post_type=product&#038;p=126333"},"modified":"2026-01-07T16:13:30","modified_gmt":"2026-01-07T15:13:30","slug":"pie-tee-flat-top","status":"publish","type":"product","link":"https:\/\/mb.moldbrothers.com\/it\/prodotto-2\/pie-tee-flat-top\/","title":{"rendered":"Parte superiore piatta del tee della torta"},"content":{"rendered":"","protected":false},"excerpt":{"rendered":"<p>Un timbro in alluminio di alta qualit\u00e0 a forma di tartelletta. Questo stampo in alluminio \u00e8 perfetto sia per preparazioni calde che fredde. Questo stampo pu\u00f2 essere utilizzato per fare croccanti tartlette di pastella che possono essere successivamente riempite.<\/p>\n<p>&nbsp;<\/p>\n<p>&nbsp;<\/p>\n<p>&nbsp;<\/p>","protected":false},"featured_media":127212,"template":"","meta":{"_seopress_robots_primary_cat":"none","_seopress_titles_title":"","_seopress_titles_desc":"","_seopress_robots_index":""},"product_brand":[],"product_cat":[362],"product_tag":[507,1027,508,523,602,1023,912,1022,1026,1025,595,1018,599,1019,1020,639,1024,596,757,1021,598,597],"class_list":{"0":"post-126333","1":"product","2":"type-product","3":"status-publish","4":"has-post-thumbnail","6":"product_cat-bunuelos-pie-tee","7":"product_tag-batter","8":"product_tag-beignets","9":"product_tag-beslag","10":"product_tag-bloem","11":"product_tag-bunuelos","12":"product_tag-crisp","13":"product_tag-croustade","14":"product_tag-crust","15":"product_tag-fried","16":"product_tag-fritters","17":"product_tag-fry","18":"product_tag-iron","19":"product_tag-oil","20":"product_tag-pee-tee","21":"product_tag-pie","22":"product_tag-rosette","23":"product_tag-shell","24":"product_tag-stamp","25":"product_tag-tart","26":"product_tag-tie","27":"product_tag-tool","28":"product_tag-tools","30":"first","31":"instock","32":"sale","33":"taxable","34":"shipping-taxable","35":"purchasable","36":"product-type-simple"},"_links":{"self":[{"href":"https:\/\/mb.moldbrothers.com\/it\/wp-json\/wp\/v2\/product\/126333"}],"collection":[{"href":"https:\/\/mb.moldbrothers.com\/it\/wp-json\/wp\/v2\/product"}],"about":[{"href":"https:\/\/mb.moldbrothers.com\/it\/wp-json\/wp\/v2\/types\/product"}],"wp:featuredmedia":[{"embeddable":true,"href":"https:\/\/mb.moldbrothers.com\/it\/wp-json\/wp\/v2\/media\/127212"}],"wp:attachment":[{"href":"https:\/\/mb.moldbrothers.com\/it\/wp-json\/wp\/v2\/media?parent=126333"}],"wp:term":[{"taxonomy":"product_brand","embeddable":true,"href":"https:\/\/mb.moldbrothers.com\/it\/wp-json\/wp\/v2\/product_brand?post=126333"},{"taxonomy":"product_cat","embeddable":true,"href":"https:\/\/mb.moldbrothers.com\/it\/wp-json\/wp\/v2\/product_cat?post=126333"},{"taxonomy":"product_tag","embeddable":true,"href":"https:\/\/mb.moldbrothers.com\/it\/wp-json\/wp\/v2\/product_tag?post=126333"}],"curies":[{"name":"wp","href":"https:\/\/api.w.org\/{rel}","templated":true}]}}