{"id":165592,"date":"2024-07-03T17:21:52","date_gmt":"2024-07-03T15:21:52","guid":{"rendered":"https:\/\/shop.moldbrothers.com\/?post_type=product&#038;p=165592"},"modified":"2025-12-05T09:47:23","modified_gmt":"2025-12-05T08:47:23","slug":"wooden-potholder","status":"publish","type":"product","link":"https:\/\/mb.moldbrothers.com\/it\/prodotto-2\/wooden-potholder\/","title":{"rendered":"Portapacchi in legno"},"content":{"rendered":"","protected":false},"excerpt":{"rendered":"<p>Migliorate l'esperienza culinaria dei vostri ospiti con il nostro nuovissimo supporto in legno di alta qualit\u00e0, realizzato per il vostro contenitore per il ghiaccio in metallo. Questo bellissimo supporto mantiene il vostro tavolo di servizio elegante e organizzato. L'inserto antiscivolo assicura che il contenitore di metallo rimanga al suo posto.<\/p>\n<p>Realizzato a mano nei Paesi Bassi in legno di quercia 100%, questo supporto \u00e8 resistente ed elegante. Non \u00e8 lavabile in lavastoviglie; per pulirlo \u00e8 sufficiente sciacquarlo con acqua corrente tiepida.<\/p>\n<p>*La tazza in acciaio \u00e8 solo a scopo illustrativo, riceverete solo il supporto in legno.<\/p>","protected":false},"featured_media":165559,"template":"","meta":{"_seopress_robots_primary_cat":"none","_seopress_titles_title":"","_seopress_titles_desc":"","_seopress_robots_index":""},"product_brand":[],"product_cat":[238],"product_tag":[935,936,691,937,934,550,933],"class_list":{"0":"post-165592","1":"product","2":"type-product","3":"status-publish","4":"has-post-thumbnail","6":"product_cat-presentables","7":"product_tag-espuma","8":"product_tag-oak","9":"product_tag-pacojet","10":"product_tag-pacopot","11":"product_tag-syphon","12":"product_tag-wood","13":"product_tag-wooden","15":"first","16":"instock","17":"taxable","18":"shipping-taxable","19":"purchasable","20":"product-type-simple"},"_links":{"self":[{"href":"https:\/\/mb.moldbrothers.com\/it\/wp-json\/wp\/v2\/product\/165592"}],"collection":[{"href":"https:\/\/mb.moldbrothers.com\/it\/wp-json\/wp\/v2\/product"}],"about":[{"href":"https:\/\/mb.moldbrothers.com\/it\/wp-json\/wp\/v2\/types\/product"}],"wp:featuredmedia":[{"embeddable":true,"href":"https:\/\/mb.moldbrothers.com\/it\/wp-json\/wp\/v2\/media\/165559"}],"wp:attachment":[{"href":"https:\/\/mb.moldbrothers.com\/it\/wp-json\/wp\/v2\/media?parent=165592"}],"wp:term":[{"taxonomy":"product_brand","embeddable":true,"href":"https:\/\/mb.moldbrothers.com\/it\/wp-json\/wp\/v2\/product_brand?post=165592"},{"taxonomy":"product_cat","embeddable":true,"href":"https:\/\/mb.moldbrothers.com\/it\/wp-json\/wp\/v2\/product_cat?post=165592"},{"taxonomy":"product_tag","embeddable":true,"href":"https:\/\/mb.moldbrothers.com\/it\/wp-json\/wp\/v2\/product_tag?post=165592"}],"curies":[{"name":"wp","href":"https:\/\/api.w.org\/{rel}","templated":true}]}}