{"id":165593,"date":"2024-07-03T17:21:56","date_gmt":"2024-07-03T15:21:56","guid":{"rendered":"https:\/\/shop.moldbrothers.com\/?post_type=product&#038;p=165593"},"modified":"2025-12-05T09:47:03","modified_gmt":"2025-12-05T08:47:03","slug":"wooden-syphon-holder","status":"publish","type":"product","link":"https:\/\/mb.moldbrothers.com\/it\/prodotto-2\/wooden-syphon-holder\/","title":{"rendered":"Porta sifoni in legno"},"content":{"rendered":"","protected":false},"excerpt":{"rendered":"<p>Migliorate l'esperienza culinaria dei vostri ospiti con il nostro nuovo supporto in legno di alta qualit\u00e0, realizzato per il vostro frullatore iSi. Questo bellissimo supporto in legno mantiene il vostro tavolo di servizio elegante e organizzato, mentre utilizzate il vostro sbattitore iSi.<\/p>\n<p>Realizzato a mano nei Paesi Bassi in legno di quercia 100%, questo supporto \u00e8 resistente ed elegante. Non \u00e8 lavabile in lavastoviglie; per pulirlo \u00e8 sufficiente sciacquarlo con acqua corrente tiepida.<\/p>","protected":false},"featured_media":165562,"template":"","meta":{"_seopress_robots_primary_cat":"none","_seopress_titles_title":"","_seopress_titles_desc":"","_seopress_robots_index":""},"product_brand":[],"product_cat":[238],"product_tag":[935,936,934,550,933],"class_list":{"0":"post-165593","1":"product","2":"type-product","3":"status-publish","4":"has-post-thumbnail","6":"product_cat-presentables","7":"product_tag-espuma","8":"product_tag-oak","9":"product_tag-syphon","10":"product_tag-wood","11":"product_tag-wooden","13":"first","14":"instock","15":"taxable","16":"shipping-taxable","17":"purchasable","18":"product-type-simple"},"_links":{"self":[{"href":"https:\/\/mb.moldbrothers.com\/it\/wp-json\/wp\/v2\/product\/165593"}],"collection":[{"href":"https:\/\/mb.moldbrothers.com\/it\/wp-json\/wp\/v2\/product"}],"about":[{"href":"https:\/\/mb.moldbrothers.com\/it\/wp-json\/wp\/v2\/types\/product"}],"wp:featuredmedia":[{"embeddable":true,"href":"https:\/\/mb.moldbrothers.com\/it\/wp-json\/wp\/v2\/media\/165562"}],"wp:attachment":[{"href":"https:\/\/mb.moldbrothers.com\/it\/wp-json\/wp\/v2\/media?parent=165593"}],"wp:term":[{"taxonomy":"product_brand","embeddable":true,"href":"https:\/\/mb.moldbrothers.com\/it\/wp-json\/wp\/v2\/product_brand?post=165593"},{"taxonomy":"product_cat","embeddable":true,"href":"https:\/\/mb.moldbrothers.com\/it\/wp-json\/wp\/v2\/product_cat?post=165593"},{"taxonomy":"product_tag","embeddable":true,"href":"https:\/\/mb.moldbrothers.com\/it\/wp-json\/wp\/v2\/product_tag?post=165593"}],"curies":[{"name":"wp","href":"https:\/\/api.w.org\/{rel}","templated":true}]}}