{"id":166396,"date":"2024-07-02T11:37:35","date_gmt":"2024-07-02T09:37:35","guid":{"rendered":"https:\/\/shop.moldbrothers.com\/?post_type=product&#038;p=166396"},"modified":"2025-12-05T09:47:59","modified_gmt":"2025-12-05T08:47:59","slug":"dimple-quenelle-molds","status":"publish","type":"product","link":"https:\/\/mb.moldbrothers.com\/it\/prodotto-2\/dimple-quenelle-molds\/","title":{"rendered":"Fossetta Quenelle Molds"},"content":{"rendered":"","protected":false},"excerpt":{"rendered":"<p>Stampi in silicone di alta qualit\u00e0 a forma di quenelle. Uno stampo \u00e8 la quenelle stessa, con un intarsio per il brodo, l'olio o altri componenti. L'altro stampo \u00e8 uno stampo a forma di tuille che si adatta perfettamente alla quenelle Dimple! Gli stampi hanno 5 e 6 forme ed entrambi sono realizzati in silicone alimentare 100%.<\/p>\n<p>Questi stampi sono in grado di resistere a temperature che vanno da -40\u00b0C a +200\u00b0C, rendendoli adatti all'uso sia in congelatori (d'urto) che in forni.<\/p>","protected":false},"featured_media":166397,"template":"","meta":{"_seopress_robots_primary_cat":"none","_seopress_titles_title":"","_seopress_titles_desc":"","_seopress_robots_index":""},"product_brand":[],"product_cat":[159,193],"product_tag":[907,484,599,906,625,905],"class_list":{"0":"post-166396","1":"product","2":"type-product","3":"status-publish","4":"has-post-thumbnail","6":"product_cat-3dmolds","7":"product_cat-essentials","8":"product_tag-broth","9":"product_tag-ice","10":"product_tag-oil","11":"product_tag-quenele","12":"product_tag-quenelle","13":"product_tag-rocher","15":"first","16":"instock","17":"taxable","18":"shipping-taxable","19":"product-type-grouped"},"_links":{"self":[{"href":"https:\/\/mb.moldbrothers.com\/it\/wp-json\/wp\/v2\/product\/166396"}],"collection":[{"href":"https:\/\/mb.moldbrothers.com\/it\/wp-json\/wp\/v2\/product"}],"about":[{"href":"https:\/\/mb.moldbrothers.com\/it\/wp-json\/wp\/v2\/types\/product"}],"wp:featuredmedia":[{"embeddable":true,"href":"https:\/\/mb.moldbrothers.com\/it\/wp-json\/wp\/v2\/media\/166397"}],"wp:attachment":[{"href":"https:\/\/mb.moldbrothers.com\/it\/wp-json\/wp\/v2\/media?parent=166396"}],"wp:term":[{"taxonomy":"product_brand","embeddable":true,"href":"https:\/\/mb.moldbrothers.com\/it\/wp-json\/wp\/v2\/product_brand?post=166396"},{"taxonomy":"product_cat","embeddable":true,"href":"https:\/\/mb.moldbrothers.com\/it\/wp-json\/wp\/v2\/product_cat?post=166396"},{"taxonomy":"product_tag","embeddable":true,"href":"https:\/\/mb.moldbrothers.com\/it\/wp-json\/wp\/v2\/product_tag?post=166396"}],"curies":[{"name":"wp","href":"https:\/\/api.w.org\/{rel}","templated":true}]}}