{"id":181068,"date":"2025-09-24T08:24:00","date_gmt":"2025-09-24T06:24:00","guid":{"rendered":"https:\/\/mb.moldbrothers.com\/?post_type=product&#038;p=181068"},"modified":"2025-12-05T08:25:01","modified_gmt":"2025-12-05T07:25:01","slug":"terrine-lineaire-x-alex-dilling","status":"publish","type":"product","link":"https:\/\/mb.moldbrothers.com\/it\/prodotto-2\/terrine-lineaire-x-alex-dilling\/","title":{"rendered":"Terrina Lin\u00e9aire X Alex Dilling"},"content":{"rendered":"<div class=\"wp-block-columns is-layout-flex wp-container-core-columns-is-layout-1 wp-block-columns-is-layout-flex\"><div class=\"wp-block-column is-vertically-aligned-center is-layout-flow wp-block-column-is-layout-flow\" style=\"flex-basis:50%\"><div class=\"wp-block-image\"><figure class=\"alignright size-full\"><img loading=\"lazy\" decoding=\"async\" width=\"800\" height=\"555\" src=\"https:\/\/shop.moldbrothers.com\/wp-content\/uploads\/2023\/11\/WhatsApp-Image-2023-11-09-at-16.15.21-edited-1-1.jpeg\" alt=\"\" class=\"wp-image-153455\" style=\"object-fit:cover\" srcset=\"https:\/\/mb.moldbrothers.com\/wp-content\/uploads\/2023\/11\/WhatsApp-Image-2023-11-09-at-16.15.21-edited-1-1.jpeg 800w, https:\/\/mb.moldbrothers.com\/wp-content\/uploads\/2023\/11\/WhatsApp-Image-2023-11-09-at-16.15.21-edited-1-1-768x533.jpeg 768w, https:\/\/mb.moldbrothers.com\/wp-content\/uploads\/2023\/11\/WhatsApp-Image-2023-11-09-at-16.15.21-edited-1-1-18x12.jpeg 18w\" sizes=\"(max-width: 800px) 100vw, 800px\" \/><\/figure><\/div><\/div>\n\n<div class=\"wp-block-column is-layout-flow wp-block-column-is-layout-flow\" style=\"flex-basis:35.09%\"><h6 class=\"wp-block-heading\">Collaborazione<\/h6>\n\n<h2 class=\"wp-block-heading\">Informazioni sullo chef<\/h2>\n\n<p>Lo chef Alex Dilling, ex The Greenhouse** di Londra, porta ora la sua maestria culinaria all'Hotel Caf\u00e9 Royal, offrendo un'esperienza culinaria intima e raffinata. Ampiamente conosciuto per la sua abilit\u00e0 tecnica, Alex continua il suo viaggio creativo con noi dopo il successo del '<a href=\"https:\/\/shop.moldbrothers.com\/?sProd=alex+dilling&amp;page=1\" data-type=\"link\" data-id=\"https:\/\/shop.moldbrothers.com\/?sProd=alex+dilling&amp;page=1\">Pollo cacciatore<\/a>' stampo.<\/p>\n\n<p>Presentazione di questo <strong>Terrina lineare<\/strong> Mold. Compatto ma versatile, perfetto per preparazioni sia calde che fredde. Ideale per eventi e banchetti, offre porzioni consistenti con infinite possibilit\u00e0.<\/p>\n\n<div class=\"wp-block-image\"><figure class=\"alignleft size-full is-resized\"><img loading=\"lazy\" decoding=\"async\" width=\"856\" height=\"857\" src=\"https:\/\/shop.moldbrothers.com\/wp-content\/uploads\/2022\/02\/ad-logo.jpeg\" alt=\"\" class=\"wp-image-124029\" style=\"aspect-ratio:0.9988331388564761;width:164px;height:auto\" srcset=\"https:\/\/mb.moldbrothers.com\/wp-content\/uploads\/2022\/02\/ad-logo.jpeg 856w, https:\/\/mb.moldbrothers.com\/wp-content\/uploads\/2022\/02\/ad-logo-100x100.jpeg 100w, https:\/\/mb.moldbrothers.com\/wp-content\/uploads\/2022\/02\/ad-logo-600x601.jpeg 600w, https:\/\/mb.moldbrothers.com\/wp-content\/uploads\/2022\/02\/ad-logo-150x150.jpeg 150w, https:\/\/mb.moldbrothers.com\/wp-content\/uploads\/2022\/02\/ad-logo-12x12.jpeg 12w\" sizes=\"(max-width: 856px) 100vw, 856px\" \/><\/figure><\/div><\/div><\/div><p><\/p>","protected":false},"excerpt":{"rendered":"<p>Uno stampo in silicone di alta qualit\u00e0 a forma di cilindro ritorto, progettato da Alex Dilling**. Lo stampo ha una forma grande (per 8 persone) ed \u00e8 realizzato in silicone alimentare 100%. Pu\u00f2 resistere a temperature comprese tra -40\u00b0C e +200\u00b0C, il che lo rende adatto all'uso sia in freezer che in forno.<\/p>\n<p><em>*In aggiunta, riceverete una scheda di quattro pagine con le istruzioni dello chef Alex Dilling per la sua \"Terrina di pollo e piccione con foie gras, tartufo nero e glassa al consomm\u00e9\".<\/em><\/p>","protected":false},"featured_media":181069,"template":"","meta":{"_seopress_robots_primary_cat":"","_seopress_titles_title":"","_seopress_titles_desc":"","_seopress_robots_index":""},"product_brand":[],"product_cat":[],"product_tag":[],"class_list":{"0":"post-181068","1":"product","2":"type-product","3":"status-publish","4":"has-post-thumbnail","7":"first","8":"instock","9":"taxable","10":"shipping-taxable","11":"purchasable","12":"product-type-simple"},"_links":{"self":[{"href":"https:\/\/mb.moldbrothers.com\/it\/wp-json\/wp\/v2\/product\/181068"}],"collection":[{"href":"https:\/\/mb.moldbrothers.com\/it\/wp-json\/wp\/v2\/product"}],"about":[{"href":"https:\/\/mb.moldbrothers.com\/it\/wp-json\/wp\/v2\/types\/product"}],"wp:featuredmedia":[{"embeddable":true,"href":"https:\/\/mb.moldbrothers.com\/it\/wp-json\/wp\/v2\/media\/181069"}],"wp:attachment":[{"href":"https:\/\/mb.moldbrothers.com\/it\/wp-json\/wp\/v2\/media?parent=181068"}],"wp:term":[{"taxonomy":"product_brand","embeddable":true,"href":"https:\/\/mb.moldbrothers.com\/it\/wp-json\/wp\/v2\/product_brand?post=181068"},{"taxonomy":"product_cat","embeddable":true,"href":"https:\/\/mb.moldbrothers.com\/it\/wp-json\/wp\/v2\/product_cat?post=181068"},{"taxonomy":"product_tag","embeddable":true,"href":"https:\/\/mb.moldbrothers.com\/it\/wp-json\/wp\/v2\/product_tag?post=181068"}],"curies":[{"name":"wp","href":"https:\/\/api.w.org\/{rel}","templated":true}]}}